{"id":23,"date":"2025-03-12T23:27:58","date_gmt":"2025-03-12T23:27:58","guid":{"rendered":"http:\/\/psychiatra-kolobrzeg.pl\/?page_id=23"},"modified":"2025-10-26T19:14:54","modified_gmt":"2025-10-26T19:14:54","slug":"informacje-dla-pacjentow","status":"publish","type":"page","link":"https:\/\/psychiatra-kolobrzeg.pl\/index.php\/informacje-dla-pacjentow\/","title":{"rendered":"Informacje dla pacjent\u00f3w"},"content":{"rendered":"\n<div class=\"wp-block-group alignfull has-global-padding is-layout-constrained wp-container-core-group-is-layout-490fa1db wp-block-group-is-layout-constrained\" style=\"padding-top:var(--wp--preset--spacing--50);padding-right:var(--wp--preset--spacing--50);padding-bottom:var(--wp--preset--spacing--50);padding-left:var(--wp--preset--spacing--50)\">\n<div class=\"wp-block-group has-global-padding is-layout-constrained wp-container-core-group-is-layout-650790e1 wp-block-group-is-layout-constrained\">\n<ul class=\"wp-block-list\">\n<li><strong>n<em>umer telefonu 881625487 zostaje przeznaczony wy\u0142\u0105cznie na potrzeby rejestracji. W razie konieczno\u015bci skontaktowania si\u0119 z lekarzem prosz\u0119 napisa\u0107 maila na adres kontakt@psychiatra-kolobrzeg.pl w tre\u015bci wpisuj\u0105c numer telefonu do oddzwonienia<\/em><\/strong><\/li>\n\n\n\n<li><strong><em>Rejestracja telefoniczna od poniedzia\u0142ku do pi\u0105tku od 8:00 do 15:00<\/em><\/strong><\/li>\n\n\n\n<li><strong><em>Gdyby nie uda\u0142o si\u0119 dodzwoni\u0107 rejestracja oddzwoni \ud83d\ude42<\/em><\/strong><\/li>\n\n\n\n<li>na pierwsz\u0105 wizyt\u0119 zabierz ze sob\u0105:\u2013 dokument to\u017csamo\u015bci\u2013 histori\u0119 poprzedniego leczenia psychiatrycznego (je\u015bli posiadasz) oraz list\u0119 przyjmowanych lek\u00f3w psychiatrycznych\u2013 aktualne wyniki bada\u0144 laboratoryjnych i obrazowych (je\u015bli posiadasz)\u2013 list\u0119 przyjmowanych lek\u00f3w oraz ewentualn\u0105 dokumentacj\u0119 leczenia chor\u00f3b somatycznych&nbsp;\u00b7&nbsp;&nbsp;&nbsp;&nbsp;&nbsp;&nbsp;&nbsp;&nbsp;<\/li>\n<\/ul>\n\n\n\n<ul class=\"wp-block-list\">\n<li>z uwagi na panuj\u0105c\u0105 epidemi\u0119 prosz\u0119 o przychodzenie w wyznaczonych godzinach\u00b7&nbsp;&nbsp;&nbsp;&nbsp;&nbsp;&nbsp;&nbsp;&nbsp;&nbsp;<\/li>\n<\/ul>\n\n\n\n<ul class=\"wp-block-list\">\n<li>je\u015bli istnieje taka mo\u017cliwo\u015b\u0107 prosz\u0119 o p\u0142atno\u015b\u0107 kart\u0105 lub blik\u00b7&nbsp;&nbsp;&nbsp;&nbsp;&nbsp;&nbsp;&nbsp;&nbsp;<\/li>\n<\/ul>\n\n\n\n<ul class=\"wp-block-list\">\n<li>je\u015bli potrzebujesz faktury prosz\u0119 zg\u0142o\u015b ten fakt przed wizyt\u0105 w &#8211; przeciwnym razie otrzymasz paragon\u00b7&nbsp;&nbsp;&nbsp;&nbsp;&nbsp;&nbsp;&nbsp;&nbsp;<\/li>\n<\/ul>\n\n\n\n<ul class=\"wp-block-list\">\n<li>badanie psychiatryczne nie zawsze musi ko\u0144czy\u0107 si\u0119 wystawieniem zwolnienia lekarskiego \u2013 za\u015bwiadczenie o niezdolno\u015bci do pracy wystawiam wy\u0142\u0105cznie je\u015bli istnieje podstawa do wystawienia w\/w dokumentu<\/li>\n<\/ul>\n\n\n\n<div style=\"height:1.25rem\" aria-hidden=\"true\" class=\"wp-block-spacer\"><\/div>\n\n\n\n<div class=\"wp-block-buttons is-content-justification-center is-layout-flex wp-container-core-buttons-is-layout-a89b3969 wp-block-buttons-is-layout-flex\">\n<div class=\"wp-block-button\"><a class=\"wp-block-button__link wp-element-button\" href=\"https:\/\/psychiatra-kolobrzeg.pl\/\">Strona G\u0142\u00f3wna<\/a><\/div>\n<\/div>\n<\/div>\n<\/div>\n","protected":false},"excerpt":{"rendered":"","protected":false},"author":1,"featured_media":0,"parent":0,"menu_order":0,"comment_status":"closed","ping_status":"closed","template":"","meta":{"footnotes":""},"class_list":["post-23","page","type-page","status-publish","hentry"],"_links":{"self":[{"href":"https:\/\/psychiatra-kolobrzeg.pl\/index.php\/wp-json\/wp\/v2\/pages\/23","targetHints":{"allow":["GET"]}}],"collection":[{"href":"https:\/\/psychiatra-kolobrzeg.pl\/index.php\/wp-json\/wp\/v2\/pages"}],"about":[{"href":"https:\/\/psychiatra-kolobrzeg.pl\/index.php\/wp-json\/wp\/v2\/types\/page"}],"author":[{"embeddable":true,"href":"https:\/\/psychiatra-kolobrzeg.pl\/index.php\/wp-json\/wp\/v2\/users\/1"}],"replies":[{"embeddable":true,"href":"https:\/\/psychiatra-kolobrzeg.pl\/index.php\/wp-json\/wp\/v2\/comments?post=23"}],"version-history":[{"count":5,"href":"https:\/\/psychiatra-kolobrzeg.pl\/index.php\/wp-json\/wp\/v2\/pages\/23\/revisions"}],"predecessor-version":[{"id":68,"href":"https:\/\/psychiatra-kolobrzeg.pl\/index.php\/wp-json\/wp\/v2\/pages\/23\/revisions\/68"}],"wp:attachment":[{"href":"https:\/\/psychiatra-kolobrzeg.pl\/index.php\/wp-json\/wp\/v2\/media?parent=23"}],"curies":[{"name":"wp","href":"https:\/\/api.w.org\/{rel}","templated":true}]}}