{"id":33,"date":"2025-03-13T00:00:21","date_gmt":"2025-03-13T00:00:21","guid":{"rendered":"http:\/\/psychiatra-kolobrzeg.pl\/?page_id=33"},"modified":"2025-03-13T00:00:21","modified_gmt":"2025-03-13T00:00:21","slug":"rodo","status":"publish","type":"page","link":"https:\/\/psychiatra-kolobrzeg.pl\/index.php\/rodo\/","title":{"rendered":"RODO"},"content":{"rendered":"\n<h2 class=\"wp-block-heading\">KLAUZULA INFORMACYJNA dlaIPL Pawe\u0142 Waszak<\/h2>\n\n\n\n<p>Zgodnie z art. 13 ust. 1 i 2 Rozporz\u0105dzenia Parlamentu Europejskiego i Rady (UE) 2016\/679 z dnia 27 kwietnia 2016r. w sprawie ochrony os\u00f3b fizycznych w zwi\u0105zku z przetwarzaniem danych osobowych i w sprawie swobodnego przep\u0142ywu takich danych oraz uchylenia dyrektywy 95\/46\/WE ( og\u00f3lne rozporz\u0105dzenie o ochronie danych- RODO): 1. administratorem danych osobowych Pacjent\u00f3w jest Indywidualna Praktyka Lekarska Pawe\u0142 Waszak z siedzib\u0105 w Ko\u0142obrzegu przy ul. Turystycznej 11a, 78-100 Zieleniewo, dane kontaktowe:\u00a0kontakt@psychiatra-kolobrzeg.pl; 2. przetwarzanie danych osobowych Pacjent\u00f3w jest niezb\u0119dne do realizacji cel\u00f3w zdrowotnych przetwarzania: \u2013 diagnozy medycznej i leczenia: procesu udzielania \u015bwiadcze\u0144 zdrowotnych ( diagnostycznych i leczniczych, w tym prowadzenie dokumentacji medycznej) art. 9 ust. 2 lit. h RODO; Ustawa z dnia 6 listopada 2008 r. o prawach pacjenta i Rzeczniku Praw Pacjenta oraz wydane na jej podstawie akty wykonawcze, w szczeg\u00f3lno\u015bci Rozporz\u0105dzenie Ministra Zdrowia z dnia 9 listopada 2015 r. w sprawie rodzaj\u00f3w, zakresu i wzor\u00f3w dokumentacji medycznej oraz sposobu jej przetwarzania; Ustawa z dnia 5 grudnia 1996 r. o zawodzie lekarza i lekarza dentysty; Ustawa z dnia 15 lipca 2011 r. o zawodach piel\u0119gniarki i po\u0142o\u017cnej oraz inne akty prawne w zakresie udzielania \u015bwiadcze\u0144 opieki zdrowotnej \u2013 zapewnienia opieki zdrowotnej oraz zarz\u0105dzania systemami i us\u0142ugami opieki zdrowotnej: przetwarzanie zwi\u0105zane z rejestracj\u0105 Pacjenta, zapewnienie ci\u0105g\u0142o\u015bci opieki zdrowotnej, co mo\u017ce obejmowa\u0107 np. przypomnienie o terminie realizacji \u015bwiadczenia, potwierdzenie wizyty, odwo\u0142anie wizyty, poinformowanie o zmianach organizacyjnych, kt\u00f3re s\u0105 zwi\u0105zane z oczekiwanym \u015bwiadczeniem, komunikacj\u0105 po udzieleniu \u015bwiadczenia w celu oceny samopoczucia i stanu zdrowia, weryfikacj\u0105 uprawnie\u0144 do uzyskiwania \u015bwiadcze\u0144 opieki zdrowotnej, wymian\u0105 informacji o stanie zdrowia Pacjenta pomi\u0119dzy r\u00f3\u017cnymi podmiotami wykonywuj\u0105cymi dzia\u0142alno\u015b\u0107 lecznicz\u0105 w celu zapewnienia ci\u0105g\u0142o\u015bci opieki ( art. 26 ust.3 pkt 1 ustawy o prawach pacjenta), wystawianie za\u015bwiadcze\u0144 lekarskich 3. dane osobowe Pacjent\u00f3w s\u0105 przetwarzane przez okres co najmniej 20 lat 4. w przypadkach okre\u015blonych w przepisach RODO Pacjentowi przys\u0142uguje prawo dost\u0119pu do swoich danych osobowych, sprostowania i uzupe\u0142niania niekompletnych danych osobowych, uzyskiwania kopii danych osobowych, kopii danych zawartych w dokumentacji medycznej 5. prawo Pacjenta do bycia zapomnianym nie znajduje zastosowania wobec danych osobowych Pacjent\u00f3w przetwarzanych na podstawie art.9 ust.2 lit. h RODO, w tym w szczeg\u00f3lno\u015bci wobec danych przetwarzanych w ramach dokumentacji medycznej prowadzonej i przechowywanej przez okres wskazany w art.29 ust.1 ustawy o prawach pacjenta lub innych przepisach dotycz\u0105cych okresu przechowywania dokumentacji medycznej w zw. z art.17 ust.3 lit.b RODO 6. prawo Pacjenta do \u017c\u0105dania przenoszenia danych oraz sprzeciwu wobec przetwarzania danych nie znajduje zastosowania wobec danych osobowych Pacjenta na podstawie art.9 ust.2 lit.h RODO, w tym w szczeg\u00f3lno\u015bci wobec danych przetwarzanych w ramach dokumentacji medycznej 7. podanie danych osobowych przez Pacjenta jest wymogiem ustawowym, brak podania danych uniemo\u017cliwi realizacj\u0119 celu zwi\u0105zanego z udzielaniem \u015bwiadczenia opieki zdrowotnej 8. Pacjentowi przys\u0142uguje prawo do wniesienia skargi do organu nadzorczego \u2013 Prezesa Urz\u0119du Ochrony Danych Osobowych.<\/p>\n","protected":false},"excerpt":{"rendered":"<p>KLAUZULA INFORMACYJNA dlaIPL Pawe\u0142 Waszak Zgodnie z art. 13 ust. 1 i 2 Rozporz\u0105dzenia Parlamentu Europejskiego i Rady (UE) 2016\/679 z dnia 27 kwietnia 2016r. w sprawie ochrony os\u00f3b fizycznych w zwi\u0105zku z przetwarzaniem danych osobowych i w sprawie swobodnego przep\u0142ywu takich danych oraz uchylenia dyrektywy 95\/46\/WE ( og\u00f3lne rozporz\u0105dzenie o ochronie danych- RODO): 1. [&hellip;]<\/p>\n","protected":false},"author":1,"featured_media":0,"parent":0,"menu_order":0,"comment_status":"closed","ping_status":"closed","template":"","meta":{"footnotes":""},"class_list":["post-33","page","type-page","status-publish","hentry"],"_links":{"self":[{"href":"https:\/\/psychiatra-kolobrzeg.pl\/index.php\/wp-json\/wp\/v2\/pages\/33","targetHints":{"allow":["GET"]}}],"collection":[{"href":"https:\/\/psychiatra-kolobrzeg.pl\/index.php\/wp-json\/wp\/v2\/pages"}],"about":[{"href":"https:\/\/psychiatra-kolobrzeg.pl\/index.php\/wp-json\/wp\/v2\/types\/page"}],"author":[{"embeddable":true,"href":"https:\/\/psychiatra-kolobrzeg.pl\/index.php\/wp-json\/wp\/v2\/users\/1"}],"replies":[{"embeddable":true,"href":"https:\/\/psychiatra-kolobrzeg.pl\/index.php\/wp-json\/wp\/v2\/comments?post=33"}],"version-history":[{"count":1,"href":"https:\/\/psychiatra-kolobrzeg.pl\/index.php\/wp-json\/wp\/v2\/pages\/33\/revisions"}],"predecessor-version":[{"id":35,"href":"https:\/\/psychiatra-kolobrzeg.pl\/index.php\/wp-json\/wp\/v2\/pages\/33\/revisions\/35"}],"wp:attachment":[{"href":"https:\/\/psychiatra-kolobrzeg.pl\/index.php\/wp-json\/wp\/v2\/media?parent=33"}],"curies":[{"name":"wp","href":"https:\/\/api.w.org\/{rel}","templated":true}]}}