{"id":40,"date":"2025-03-13T00:08:28","date_gmt":"2025-03-13T00:08:28","guid":{"rendered":"https:\/\/psychiatra-kolobrzeg.pl\/?page_id=40"},"modified":"2025-03-13T00:14:43","modified_gmt":"2025-03-13T00:14:43","slug":"o-mnie","status":"publish","type":"page","link":"https:\/\/psychiatra-kolobrzeg.pl\/index.php\/o-mnie\/","title":{"rendered":"O mnie"},"content":{"rendered":"\n<figure class=\"wp-block-image alignleft size-full is-resized\"><img loading=\"lazy\" decoding=\"async\" width=\"300\" height=\"452\" src=\"http:\/\/psychiatra-kolobrzeg.pl\/wp-content\/uploads\/2025\/03\/dsc_0199-mini-1.jpg\" alt=\"\" class=\"wp-image-39\" style=\"width:277px;height:auto\" srcset=\"https:\/\/psychiatra-kolobrzeg.pl\/wp-content\/uploads\/2025\/03\/dsc_0199-mini-1.jpg 300w, https:\/\/psychiatra-kolobrzeg.pl\/wp-content\/uploads\/2025\/03\/dsc_0199-mini-1-199x300.jpg 199w\" sizes=\"auto, (max-width: 300px) 100vw, 300px\" \/><\/figure>\n\n\n\n<p>Nazywam si\u0119 Pawe\u0142 Waszak jestem lekarzem specjalist\u0105 w dziedzinie psychiatrii. Uko\u0144czy\u0142em Pomorski Uniwersytet Medyczny &nbsp;w Szczecinie. Swoj\u0105 przygod\u0119 z psychiatri\u0105 rozpocz\u0105\u0142em w 2013 roku w Oddziale Psychiatrycznym w Ko\u0142obrzegu. W tej plac\u00f3wce pracuj\u0119 po dzi\u015b dzie\u0144. Wsp\u00f3\u0142pracuje r\u00f3wnie\u017c z Oddzia\u0142em Psychosomatycznym w Bia\u0142ogardzie. Przez okres 2 lat pracowa\u0142em w Poradni Leczenia Uzale\u017cnie\u0144 w Ko\u0142obrzegu. Posiadam certyfikat terapeuty \u015brodowiskowego oraz jestem w procesie certyfikacji terapii uzale\u017cnie\u0144.&nbsp;<\/p>\n\n\n\n<div class=\"wp-block-buttons is-layout-flex wp-block-buttons-is-layout-flex\">\n<div class=\"wp-block-button\"><a class=\"wp-block-button__link wp-element-button\" href=\"https:\/\/psychiatra-kolobrzeg.pl\/\">Strona G\u0142\u00f3wna<\/a><\/div>\n<\/div>\n","protected":false},"excerpt":{"rendered":"<p>Nazywam si\u0119 Pawe\u0142 Waszak jestem lekarzem specjalist\u0105 w dziedzinie psychiatrii. Uko\u0144czy\u0142em Pomorski Uniwersytet Medyczny &nbsp;w Szczecinie. Swoj\u0105 przygod\u0119 z psychiatri\u0105 rozpocz\u0105\u0142em w 2013 roku w Oddziale Psychiatrycznym w Ko\u0142obrzegu. W tej plac\u00f3wce pracuj\u0119 po dzi\u015b dzie\u0144. Wsp\u00f3\u0142pracuje r\u00f3wnie\u017c z Oddzia\u0142em Psychosomatycznym w Bia\u0142ogardzie. Przez okres 2 lat pracowa\u0142em w Poradni Leczenia Uzale\u017cnie\u0144 w Ko\u0142obrzegu. Posiadam [&hellip;]<\/p>\n","protected":false},"author":1,"featured_media":0,"parent":0,"menu_order":0,"comment_status":"closed","ping_status":"closed","template":"","meta":{"footnotes":""},"class_list":["post-40","page","type-page","status-publish","hentry"],"_links":{"self":[{"href":"https:\/\/psychiatra-kolobrzeg.pl\/index.php\/wp-json\/wp\/v2\/pages\/40","targetHints":{"allow":["GET"]}}],"collection":[{"href":"https:\/\/psychiatra-kolobrzeg.pl\/index.php\/wp-json\/wp\/v2\/pages"}],"about":[{"href":"https:\/\/psychiatra-kolobrzeg.pl\/index.php\/wp-json\/wp\/v2\/types\/page"}],"author":[{"embeddable":true,"href":"https:\/\/psychiatra-kolobrzeg.pl\/index.php\/wp-json\/wp\/v2\/users\/1"}],"replies":[{"embeddable":true,"href":"https:\/\/psychiatra-kolobrzeg.pl\/index.php\/wp-json\/wp\/v2\/comments?post=40"}],"version-history":[{"count":3,"href":"https:\/\/psychiatra-kolobrzeg.pl\/index.php\/wp-json\/wp\/v2\/pages\/40\/revisions"}],"predecessor-version":[{"id":45,"href":"https:\/\/psychiatra-kolobrzeg.pl\/index.php\/wp-json\/wp\/v2\/pages\/40\/revisions\/45"}],"wp:attachment":[{"href":"https:\/\/psychiatra-kolobrzeg.pl\/index.php\/wp-json\/wp\/v2\/media?parent=40"}],"curies":[{"name":"wp","href":"https:\/\/api.w.org\/{rel}","templated":true}]}}